{"id":8,"date":"2018-08-02T08:58:54","date_gmt":"2018-08-02T08:58:54","guid":{"rendered":"http:\/\/die-praline-moelln.de\/?page_id=8"},"modified":"2019-09-15T14:44:16","modified_gmt":"2019-09-15T14:44:16","slug":"anfahrtkontakt","status":"publish","type":"page","link":"https:\/\/die-praline-moelln.de\/?page_id=8","title":{"rendered":"Anfahrt\/Kontakt"},"content":{"rendered":"\n<figure class=\"wp-block-image\"><img loading=\"lazy\" width=\"617\" height=\"280\" src=\"http:\/\/die-praline-moelln.de\/wp-content\/uploads\/2019\/09\/Logo_Praline_neu.jpg\" alt=\"Die Praline M\u00f6lln\" class=\"wp-image-19\" srcset=\"https:\/\/die-praline-moelln.de\/wp-content\/uploads\/2019\/09\/Logo_Praline_neu.jpg 617w, https:\/\/die-praline-moelln.de\/wp-content\/uploads\/2019\/09\/Logo_Praline_neu-300x136.jpg 300w\" sizes=\"(max-width: 617px) 100vw, 617px\" \/><\/figure>\n\n\n\n<p>Wir befinden uns in der Hauptstra\u00dfe in der Innenstadt von M\u00f6lln.<\/p>\n\n\n\n<p>Ihr kommt zu uns, wenn Ihr in Richtung M\u00f6lln Innenstadt fahrt. Parkpl\u00e4tze befinden sich im Bereich des Parkdecks am ZOB oder M\u00fchlenplatz. Vereinzelt kann man auch an der Hauptstra\u00dfe auf einigen Parkpl\u00e4tzen stehen.<\/p>\n\n\n\n<p><strong>\u00d6ffnungszeiten:<\/strong><\/p>\n\n\n\n<p>Montag&nbsp;&#8211; Freitag &nbsp;: 09:00 Uhr &#8211; 18:00 Uhr<\/p>\n\n\n\n<p>Samstag&nbsp;&nbsp; : 09:00 Uhr &#8211;&nbsp; 13:00 Uhr&nbsp;<\/p>\n\n\n\n<p>Sonntag&nbsp;&nbsp; : geschlossen<\/p>\n\n\n\n<p>Wir freuen uns auf Euch.<\/p>\n\n\n\n<p><\/p>\n","protected":false},"excerpt":{"rendered":"<p>Wir befinden uns in der Hauptstra\u00dfe in der Innenstadt von M\u00f6lln. Ihr kommt zu uns, wenn Ihr in Richtung M\u00f6lln Innenstadt fahrt. Parkpl\u00e4tze befinden sich im Bereich des Parkdecks am ZOB oder M\u00fchlenplatz. Vereinzelt kann man auch an der Hauptstra\u00dfe auf einigen Parkpl\u00e4tzen stehen. \u00d6ffnungszeiten: Montag&nbsp;&#8211; Freitag &nbsp;: 09:00 Uhr &#8211; 18:00 Uhr Samstag&nbsp;&nbsp; : &hellip; <\/p>\n<p class=\"link-more\"><a href=\"https:\/\/die-praline-moelln.de\/?page_id=8\" class=\"more-link\"><span class=\"screen-reader-text\">\u201eAnfahrt\/Kontakt\u201c<\/span> weiterlesen<\/a><\/p>\n","protected":false},"author":1,"featured_media":0,"parent":0,"menu_order":0,"comment_status":"closed","ping_status":"closed","template":"","meta":[],"_links":{"self":[{"href":"https:\/\/die-praline-moelln.de\/index.php?rest_route=\/wp\/v2\/pages\/8"}],"collection":[{"href":"https:\/\/die-praline-moelln.de\/index.php?rest_route=\/wp\/v2\/pages"}],"about":[{"href":"https:\/\/die-praline-moelln.de\/index.php?rest_route=\/wp\/v2\/types\/page"}],"author":[{"embeddable":true,"href":"https:\/\/die-praline-moelln.de\/index.php?rest_route=\/wp\/v2\/users\/1"}],"replies":[{"embeddable":true,"href":"https:\/\/die-praline-moelln.de\/index.php?rest_route=%2Fwp%2Fv2%2Fcomments&post=8"}],"version-history":[{"count":5,"href":"https:\/\/die-praline-moelln.de\/index.php?rest_route=\/wp\/v2\/pages\/8\/revisions"}],"predecessor-version":[{"id":43,"href":"https:\/\/die-praline-moelln.de\/index.php?rest_route=\/wp\/v2\/pages\/8\/revisions\/43"}],"wp:attachment":[{"href":"https:\/\/die-praline-moelln.de\/index.php?rest_route=%2Fwp%2Fv2%2Fmedia&parent=8"}],"curies":[{"name":"wp","href":"https:\/\/api.w.org\/{rel}","templated":true}]}}